{"id":2,"date":"2016-12-08T12:32:08","date_gmt":"2016-12-08T12:32:08","guid":{"rendered":"http:\/\/www.klis.hr\/shcconference\/?page_id=2"},"modified":"2025-11-27T12:44:43","modified_gmt":"2025-11-27T11:44:43","slug":"program","status":"publish","type":"page","link":"https:\/\/www.shcconference.com\/?page_id=2","title":{"rendered":"Program"},"content":{"rendered":"<h1 class=\"wp-block-heading\">8. ME\u0110UNARODNA KONFERENCIJA \u201cSIGURNOST POVIJESNIH GRADOVA 2025.\u201d<\/h1>\n\n\n\n<p id=\"block-59911e46-5fce-443f-882b-41075857bb06\"><strong>04. &#8211; 05. prosinca 2025. | Hotel Salona Palace, Solin<\/strong><\/p>\n\n\n\n<p><br><\/p>\n\n\n\n<h2 class=\"wp-block-heading has-text-align-center\">PROGRAM<\/h2>\n\n\n\n<h3 class=\"wp-block-heading\"><em>4. prosinca 2025. (\u010detvrtak)<\/em><\/h3>\n\n\n\n<p id=\"block-5b8b26e7-1e0f-4489-afe1-12746d5b14d2\">09:30 \u2013 10:00 Prijam sudionika \/ registracija<br><br>10:00 \u2013 10:20 Pozdravni govori i otvaranje konferencije<br><br>10:20 \u2013 10:40 Uvodno predavanje: <strong>Sigurnost \u2013 rezultat partnerstva na lokalnoj razini<\/strong>, prof.dr.sc. Irena <strong>Cajner Mraovi\u0107<\/strong>, Hrvatski studiji<br><br>10:40 \u2013 10:55 iskustva partnerstva za sigurnost lokalne zajednice i turisti\u010dka sezona 2025. &#8211; Dubrovnik<br><br>10:55 \u2013 11:05 iskustva partnerstva za sigurnost lokalne zajednice i turisti\u010dka sezona 2025. &#8211; \u0160ibenik<br><br>11:05 \u2013 11:20 iskustva partnerstva za sigurnost lokalne zajednice i turisti\u010dka sezona 2025. &#8211; Zadar<br><br>11:20 \u2013 11:35 iskustva partnerstva za sigurnost lokalne zajednice i turisti\u010dka sezona 2025. &#8211; Split<br><br>11:35 &#8211; 12:00 Pauza za kavu<br><br>12:00 \u2013 12:45 <strong>Panel<\/strong><br>Pozvani na sudjelovanje: Gradona\u010delnici Splita, Zadra, Dubrovnika, \u0160ibenika, prof.dr.sc. Irena <strong>Cajner Mraovi\u0107<\/strong>, predstavnici Odbora za sigurnost SD\u017d, PU splitsko dalmatinske \u2026<br>Moderatori: doc.dr,sc. Krunoslav <strong>Borovec<\/strong>, MUP RH, Slobodan <strong>Marendi\u0107<\/strong>, mag.crim.<br><br>12:50 \u2013 13:10 <strong>Kiberneti\u010dka sigurnost \u2013 obaveza ili potreba loklane uprave<\/strong>, Sa\u0161a <strong>Ju\u0161i\u0107<\/strong>, <strong>stru\u010dnjak za kiberneti\u010dku sigurnost<\/strong>, INFIGO IS d.o.o.<br><br>13:10 \u2013 13:30 <strong>Ilegalni otpad \u2013 tehnologija kao alat prevencije, primjer iz prakse<\/strong>, Tehnet d.o.o.<br><br>13:30 \u2013 13: 50 <strong>Grad Pore\u010d \u2013 vidonadzor javnih povr\u0161ina<\/strong>, predstavnik grada i tvrtke Eccos<br><br>14:00 zajedni\u010dki ru\u010dak<br><br><\/p>\n\n\n\n<h3 class=\"wp-block-heading\"><em>5. prosinca 2025. (petak)<\/em><\/h3>\n\n\n\n<p>10:00 \u2013 10:20 <strong>Poslovna sigurnost i sigurnost zajednice<\/strong>, Slobodan <strong>Marendi\u0107<\/strong>, direktor korporativne sigurnosti Tommy d.o.o.<br><br>10:20 \u2013 10:40 Uvodno predavanje: <strong>Arhitektura korporativne sigurnosti<\/strong>, Darija <strong>Ivandi\u0107 Vidovi\u0107<\/strong>, autorica knijge<br><br>10:45 \u2013 11:30 <strong>Panel<\/strong><br>Pozvani na sudjelovanje: CEMEX, Zra\u010dna luka Split, Luka Split, TEHNET, Fakultet za forenzi\u010dke znanosti, H\u017d infrastruktura, \u2026<br><strong>Moderator<\/strong>: Slobodan <strong>Marendi\u0107<\/strong>, mag.crim.<br><br>11:30 \u2013 11:50 Pauza za kavu<br><br>11:50 \u2013 12:10 Uvodno predavanje: <strong>Luke \u2013 su\u017eivot kriti\u010dne infrastrukture sa lokalnom zajednicom<\/strong><br><br>12:15 \u2013 13:00 <strong>Panel<\/strong><br>Pozvani na sudjelovanje: Lu\u010dka uprava Split, Lu\u010dka uprava SD\u017d, Sektor za granicu PU SD, Lu\u010dka kapetanija, Pomorski fakultet, predstavnici koncesinara , stru\u010dni konzultanti \u2026<br><strong>Moderator<\/strong>: doc.dr.sc. Ton\u0107i <strong>Prodan<\/strong>, Fakultet za forenzi\u010dke znanosti<br><br>13:15 \u2013 zajedni\u010dki ru\u010dak<br><\/p>\n\n\n\n<hr class=\"wp-block-separator has-alpha-channel-opacity\"\/>\n\n\n\n<p><strong>O\u010dekivani doprinos i sudjelovanje:<\/strong> gradona\u010delnici i na\u010delnici (predstavnici) gradova i op\u0107ina, \u010dlanovi odbora za sigurnost SD\u017d i Vije\u0107a za prevenciju u SD\u017d, sudionici konferencije, predstavnici partnerskih institucija iz domene gospodarstva, turizma, socijalnog rada, medicine, sporta, pravosu\u0111a \u2026<br><\/p>\n\n\n\n<p><br>Program Sigurnost povijesnih gradova 2025 <strong><em><a href=\"https:\/\/www.shcconference.com\/wp-content\/uploads\/2025\/10\/Program-2025-SHC.pdf\" target=\"_blank\" rel=\"noreferrer noopener\">.pdf preuzimanje<\/a><\/em><\/strong><\/p>\n\n\n\n<p id=\"block-4a6f289e-552e-4387-b392-e28968ba49cc\"><\/p>\n\n\n\n<p><\/p>","protected":false},"excerpt":{"rendered":"<p>8. ME\u0110UNARODNA KONFERENCIJA \u201cSIGURNOST POVIJESNIH GRADOVA 2025.\u201d 04. &#8211; 05. prosinca 2025. | Hotel Salona Palace, Solin PROGRAM 4. prosinca 2025. (\u010detvrtak) 09:30 \u2013 10:00 Prijam sudionika \/ registracija 10:00 \u2013 10:20 Pozdravni govori i otvaranje konferencije 10:20 \u2013 10:40 Uvodno predavanje: Sigurnost \u2013 rezultat partnerstva na lokalnoj razini, prof.dr.sc. Irena Cajner Mraovi\u0107, Hrvatski studiji [&hellip;]<\/p>\n","protected":false},"author":1,"featured_media":0,"parent":0,"menu_order":0,"comment_status":"closed","ping_status":"open","template":"","meta":{"footnotes":""},"class_list":["post-2","page","type-page","status-publish","hentry"],"_links":{"self":[{"href":"https:\/\/www.shcconference.com\/index.php?rest_route=\/wp\/v2\/pages\/2","targetHints":{"allow":["GET"]}}],"collection":[{"href":"https:\/\/www.shcconference.com\/index.php?rest_route=\/wp\/v2\/pages"}],"about":[{"href":"https:\/\/www.shcconference.com\/index.php?rest_route=\/wp\/v2\/types\/page"}],"author":[{"embeddable":true,"href":"https:\/\/www.shcconference.com\/index.php?rest_route=\/wp\/v2\/users\/1"}],"replies":[{"embeddable":true,"href":"https:\/\/www.shcconference.com\/index.php?rest_route=%2Fwp%2Fv2%2Fcomments&post=2"}],"version-history":[{"count":115,"href":"https:\/\/www.shcconference.com\/index.php?rest_route=\/wp\/v2\/pages\/2\/revisions"}],"predecessor-version":[{"id":1660,"href":"https:\/\/www.shcconference.com\/index.php?rest_route=\/wp\/v2\/pages\/2\/revisions\/1660"}],"wp:attachment":[{"href":"https:\/\/www.shcconference.com\/index.php?rest_route=%2Fwp%2Fv2%2Fmedia&parent=2"}],"curies":[{"name":"wp","href":"https:\/\/api.w.org\/{rel}","templated":true}]}}