{"id":1555,"date":"2025-10-11T08:07:36","date_gmt":"2025-10-11T07:07:36","guid":{"rendered":"https:\/\/www.shcconference.com\/?page_id=1555"},"modified":"2025-10-28T21:42:57","modified_gmt":"2025-10-28T20:42:57","slug":"hrnovostiennews","status":"publish","type":"page","link":"https:\/\/www.shcconference.com\/?page_id=1555","title":{"rendered":"Novosti"},"content":{"rendered":"\n<div class=\"wp-block-query is-layout-flow wp-block-query-is-layout-flow\"><ul class=\"wp-block-post-template is-layout-flow wp-block-post-template-is-layout-flow\"><li class=\"wp-block-post post-2279 post type-post status-publish format-standard has-post-thumbnail hentry category-uncategorized\"><\/li><li class=\"wp-block-post post-1701 post type-post status-publish format-standard has-post-thumbnail hentry category-uncategorized\"><\/li><li class=\"wp-block-post post-1666 post type-post status-publish format-standard has-post-thumbnail hentry category-uncategorized\"><\/li><li class=\"wp-block-post post-1614 post type-post status-publish format-standard has-post-thumbnail hentry category-uncategorized\"><\/li><li class=\"wp-block-post post-1584 post type-post status-publish format-standard has-post-thumbnail hentry category-uncategorized\"><\/li><li class=\"wp-block-post post-1552 post type-post status-publish format-standard has-post-thumbnail hentry category-uncategorized\"><\/li><\/ul><\/div>\n\n\n\n<div class=\"wp-block-query is-layout-flow wp-block-query-is-layout-flow\"><ul class=\"wp-block-post-template is-layout-flow wp-block-post-template-is-layout-flow\"><li class=\"wp-block-post post-2279 post type-post status-publish format-standard has-post-thumbnail hentry category-uncategorized\">\n<h2 class=\"wp-block-post-title\"><a href=\"https:\/\/www.shcconference.com\/?p=2279\" target=\"_self\" >Drugi dan konferencije Sigurnost povijesnih gradova: naglasak na korporativnoj sigurnosti, kriti\u010dnoj infrastrukturi i za\u0161titi luka<\/a><\/h2>\n\n<figure class=\"alignwide wp-block-post-featured-image\"><a href=\"https:\/\/www.shcconference.com\/?p=2279\" target=\"_self\"  ><img loading=\"lazy\" decoding=\"async\" width=\"2048\" height=\"1365\" src=\"https:\/\/www.shcconference.com\/wp-content\/uploads\/2025\/12\/148A1101-1.jpg\" class=\"attachment-post-thumbnail size-post-thumbnail wp-post-image\" alt=\"Drugi dan konferencije Sigurnost povijesnih gradova: naglasak na korporativnoj sigurnosti, kriti\u010dnoj infrastrukturi i za\u0161titi luka\" style=\"object-fit:cover;\" srcset=\"https:\/\/www.shcconference.com\/wp-content\/uploads\/2025\/12\/148A1101-1.jpg 2048w, https:\/\/www.shcconference.com\/wp-content\/uploads\/2025\/12\/148A1101-1-300x200.jpg 300w, https:\/\/www.shcconference.com\/wp-content\/uploads\/2025\/12\/148A1101-1-1024x683.jpg 1024w, https:\/\/www.shcconference.com\/wp-content\/uploads\/2025\/12\/148A1101-1-768x512.jpg 768w, https:\/\/www.shcconference.com\/wp-content\/uploads\/2025\/12\/148A1101-1-1536x1024.jpg 1536w\" sizes=\"auto, (max-width: 2048px) 100vw, 2048px\" \/><\/a><\/figure>\n\n<div class=\"wp-block-post-excerpt\"><p class=\"wp-block-post-excerpt__excerpt\">Drugog dana konferencije \u201eSigurnost povijesnih gradova 2025.\u201c u hotelu Salona Palace u Solinu fokus je bio na modernim sigurnosnim praksama, izazovima korporativne i urbane sigurnosti te razmjeni iskustava izme\u0111u stru\u010dnjaka iz razli\u010ditih sektora \u2013 od gospodarstva i infrastrukture do akademske zajednice i javnih slu\u017ebi.\u00a0 Program je otvorio Slobodan Marendi\u0107, direktor korporativne sigurnosti Tommy d.o.o., predavanjem&hellip;<\/p><p class=\"wp-block-post-excerpt__more-text\"><a class=\"wp-block-post-excerpt__more-link\" href=\"https:\/\/www.shcconference.com\/?p=2279\">Pro\u010ditajte op\u0161irnije&#8230;<\/a><\/p><\/div>\n\n\n<hr class=\"wp-block-separator has-css-opacity\"\/>\n\n\n<div class=\"wp-block-post-date\"><time datetime=\"2025-12-05T17:52:21+00:00\">05.12.2025.<\/time><\/div>\n<\/li><li class=\"wp-block-post post-1701 post type-post status-publish format-standard has-post-thumbnail hentry category-uncategorized\">\n<h2 class=\"wp-block-post-title\"><a href=\"https:\/\/www.shcconference.com\/?p=1701\" target=\"_self\" >Solin postao sredi\u0161te sigurnosne struke: otvorena 8. me\u0111unarodna konferencija \u201cSigurnost povijesnih gradova 2025.\u201d\u00a0<\/a><\/h2>\n\n<figure class=\"alignwide wp-block-post-featured-image\"><a href=\"https:\/\/www.shcconference.com\/?p=1701\" target=\"_self\"  ><img loading=\"lazy\" decoding=\"async\" width=\"2048\" height=\"1366\" src=\"https:\/\/www.shcconference.com\/wp-content\/uploads\/2025\/12\/0R4A3777.jpg\" class=\"attachment-post-thumbnail size-post-thumbnail wp-post-image\" alt=\"Solin postao sredi\u0161te sigurnosne struke: otvorena 8. me\u0111unarodna konferencija \u201cSigurnost povijesnih gradova 2025.\u201d\u00a0\" style=\"object-fit:cover;\" srcset=\"https:\/\/www.shcconference.com\/wp-content\/uploads\/2025\/12\/0R4A3777.jpg 2048w, https:\/\/www.shcconference.com\/wp-content\/uploads\/2025\/12\/0R4A3777-300x200.jpg 300w, https:\/\/www.shcconference.com\/wp-content\/uploads\/2025\/12\/0R4A3777-1024x683.jpg 1024w, https:\/\/www.shcconference.com\/wp-content\/uploads\/2025\/12\/0R4A3777-768x512.jpg 768w, https:\/\/www.shcconference.com\/wp-content\/uploads\/2025\/12\/0R4A3777-1536x1025.jpg 1536w\" sizes=\"auto, (max-width: 2048px) 100vw, 2048px\" \/><\/a><\/figure>\n\n<div class=\"wp-block-post-excerpt\"><p class=\"wp-block-post-excerpt__excerpt\">U hotelu Salona Palace u Solinu danas je otvorena VIII. me\u0111unarodna konferencija \u201eSigurnost povijesnih gradova 2025.\u201c, koja je i ove godine okupila vode\u0107e stru\u010dnjake iz podru\u010dja sigurnosti, predstavnike policijskih uprava, lokalne samouprave, akademske zajednice, turisti\u010dkog i gospodarskog sektora. Tijekom dva dana konferencija postaje mjesto susreta sigurnosne elite iz Hrvatske i regije te platforma za razmjenu&hellip;<\/p><p class=\"wp-block-post-excerpt__more-text\"><a class=\"wp-block-post-excerpt__more-link\" href=\"https:\/\/www.shcconference.com\/?p=1701\">Pro\u010ditajte op\u0161irnije&#8230;<\/a><\/p><\/div>\n\n\n<hr class=\"wp-block-separator has-css-opacity\"\/>\n\n\n<div class=\"wp-block-post-date\"><time datetime=\"2025-12-04T19:42:26+00:00\">04.12.2025.<\/time><\/div>\n<\/li><li class=\"wp-block-post post-1666 post type-post status-publish format-standard has-post-thumbnail hentry category-uncategorized\">\n<h2 class=\"wp-block-post-title\"><a href=\"https:\/\/www.shcconference.com\/?p=1666\" target=\"_self\" >Sigurnost povijesnih gradova: &#8216;Solin ponovno postaje sredi\u0161te stru\u010dne rasprave&#8217;<\/a><\/h2>\n\n<figure class=\"alignwide wp-block-post-featured-image\"><a href=\"https:\/\/www.shcconference.com\/?p=1666\" target=\"_self\"  ><img loading=\"lazy\" decoding=\"async\" width=\"660\" height=\"330\" src=\"https:\/\/www.shcconference.com\/wp-content\/uploads\/2025\/12\/2025-11-21-10-27-5430-.jpg\" class=\"attachment-post-thumbnail size-post-thumbnail wp-post-image\" alt=\"Sigurnost povijesnih gradova: &#8216;Solin ponovno postaje sredi\u0161te stru\u010dne rasprave&#8217;\" style=\"object-fit:cover;\" srcset=\"https:\/\/www.shcconference.com\/wp-content\/uploads\/2025\/12\/2025-11-21-10-27-5430-.jpg 660w, https:\/\/www.shcconference.com\/wp-content\/uploads\/2025\/12\/2025-11-21-10-27-5430--300x150.jpg 300w\" sizes=\"auto, (max-width: 660px) 100vw, 660px\" \/><\/a><\/figure>\n\n<div class=\"wp-block-post-excerpt\"><p class=\"wp-block-post-excerpt__excerpt\">U solinskom hotelu Salona Palace se 4. i 5. prosinca odr\u017eava, sada ve\u0107 tradicionalna, osma po redu konferencija &#8216;Sigurnost povijesnih gradova&#8217;.&nbsp; Suorganizatori, policijska udruga International Police Association \u2013 IPA klub Splitsko-dalmatinska, Hrvatska udruga povijesnih gradova, Fakultet forenzi\u010dkih znanosti, Turisti\u010dka zajednica SD\u017d, u suradnji s udrugom Partnerstvo za sigurniju svakodnevnicu, ve\u0107 tradicionalno, nakon najintenzivnijeg dijela turisti\u010dke&hellip;<\/p><p class=\"wp-block-post-excerpt__more-text\"><a class=\"wp-block-post-excerpt__more-link\" href=\"https:\/\/www.shcconference.com\/?p=1666\">Pro\u010ditajte op\u0161irnije&#8230;<\/a><\/p><\/div>\n\n\n<hr class=\"wp-block-separator has-css-opacity\"\/>\n\n\n<div class=\"wp-block-post-date\"><time datetime=\"2025-12-02T08:48:51+00:00\">02.12.2025.<\/time><\/div>\n<\/li><li class=\"wp-block-post post-1614 post type-post status-publish format-standard has-post-thumbnail hentry category-uncategorized\">\n<h2 class=\"wp-block-post-title\"><a href=\"https:\/\/www.shcconference.com\/?p=1614\" target=\"_self\" >Tko \u0161titi povijesne gradove? \u010cetiri gradona\u010delnika daju odgovore!<\/a><\/h2>\n\n<figure class=\"alignwide wp-block-post-featured-image\"><a href=\"https:\/\/www.shcconference.com\/?p=1614\" target=\"_self\"  ><img loading=\"lazy\" decoding=\"async\" width=\"800\" height=\"533\" src=\"https:\/\/www.shcconference.com\/wp-content\/uploads\/2018\/03\/IMG_9141.jpg\" class=\"attachment-post-thumbnail size-post-thumbnail wp-post-image\" alt=\"Tko \u0161titi povijesne gradove? \u010cetiri gradona\u010delnika daju odgovore!\" style=\"object-fit:cover;\" srcset=\"https:\/\/www.shcconference.com\/wp-content\/uploads\/2018\/03\/IMG_9141.jpg 800w, https:\/\/www.shcconference.com\/wp-content\/uploads\/2018\/03\/IMG_9141-300x200.jpg 300w, https:\/\/www.shcconference.com\/wp-content\/uploads\/2018\/03\/IMG_9141-768x512.jpg 768w\" sizes=\"auto, (max-width: 800px) 100vw, 800px\" \/><\/a><\/figure>\n\n<div class=\"wp-block-post-excerpt\"><p class=\"wp-block-post-excerpt__excerpt\">Konferencija Sigurnost povijesnih gradova 2025. po\u010detkom prosinca u Splitu okupit \u0107e predstavnike gradova, institucija i stru\u010dnjake iz podru\u010dja sigurnosti, urbanizma i tehnologije. Program prvog dana bit \u0107e usmjeren na klju\u010dne izazove za\u0161tite i upravljanja povijesnim sredi\u0161tima gradova, uz naglasak na utjecaj turizma, infrastrukture i novih tehnologija na sigurnost gra\u0111ana i posjetitelja. U uvodnom panelu sudjelovat&hellip;<\/p><p class=\"wp-block-post-excerpt__more-text\"><a class=\"wp-block-post-excerpt__more-link\" href=\"https:\/\/www.shcconference.com\/?p=1614\">Pro\u010ditajte op\u0161irnije&#8230;<\/a><\/p><\/div>\n\n\n<hr class=\"wp-block-separator has-css-opacity\"\/>\n\n\n<div class=\"wp-block-post-date\"><time datetime=\"2025-11-14T11:04:38+00:00\">14.11.2025.<\/time><\/div>\n<\/li><li class=\"wp-block-post post-1584 post type-post status-publish format-standard has-post-thumbnail hentry category-uncategorized\">\n<h2 class=\"wp-block-post-title\"><a href=\"https:\/\/www.shcconference.com\/?p=1584\" target=\"_self\" >PROGRAM: 8. ME\u0110UNARODNA KONFERENCIJA \u201cSIGURNOST POVIJESNIH GRADOVA 2025.\u201d<\/a><\/h2>\n\n<figure class=\"alignwide wp-block-post-featured-image\"><a href=\"https:\/\/www.shcconference.com\/?p=1584\" target=\"_self\"  ><img loading=\"lazy\" decoding=\"async\" width=\"1280\" height=\"720\" src=\"https:\/\/www.shcconference.com\/wp-content\/uploads\/2016\/12\/skyline-1738058_1280.jpg\" class=\"attachment-post-thumbnail size-post-thumbnail wp-post-image\" alt=\"PROGRAM: 8. ME\u0110UNARODNA KONFERENCIJA \u201cSIGURNOST POVIJESNIH GRADOVA 2025.\u201d\" style=\"object-fit:cover;\" srcset=\"https:\/\/www.shcconference.com\/wp-content\/uploads\/2016\/12\/skyline-1738058_1280.jpg 1280w, https:\/\/www.shcconference.com\/wp-content\/uploads\/2016\/12\/skyline-1738058_1280-300x169.jpg 300w, https:\/\/www.shcconference.com\/wp-content\/uploads\/2016\/12\/skyline-1738058_1280-768x432.jpg 768w, https:\/\/www.shcconference.com\/wp-content\/uploads\/2016\/12\/skyline-1738058_1280-1024x576.jpg 1024w\" sizes=\"auto, (max-width: 1280px) 100vw, 1280px\" \/><\/a><\/figure>\n\n<div class=\"wp-block-post-excerpt\"><p class=\"wp-block-post-excerpt__excerpt\">04. &#8211; 05. prosinca 2025. | Hotel Salona Palace, Solin PROGRAM 4. prosinca 2025. (\u010detvrtak) 09:30 \u2013 10:00 Prijam sudionika \/ registracija 10:00 \u2013 10:20 Pozdravni govori i otvaranje konferencije 10:20 \u2013 10:40 Uvodno predavanje: Sigurnost \u2013 rezultat partnerstva na lokalnoj razini, prof.dr.sc. Irena Cajner Mraovi\u0107, Hrvatski studiji 10:40 \u2013 10:55 iskustva partnerstva za sigurnost&hellip;<\/p><p class=\"wp-block-post-excerpt__more-text\"><a class=\"wp-block-post-excerpt__more-link\" href=\"https:\/\/www.shcconference.com\/?p=1584\">Pro\u010ditajte op\u0161irnije&#8230;<\/a><\/p><\/div>\n\n\n<hr class=\"wp-block-separator has-css-opacity\"\/>\n\n\n<div class=\"wp-block-post-date\"><time datetime=\"2025-10-28T18:41:01+00:00\">28.10.2025.<\/time><\/div>\n<\/li><li class=\"wp-block-post post-1552 post type-post status-publish format-standard has-post-thumbnail hentry category-uncategorized\">\n<h2 class=\"wp-block-post-title\"><a href=\"https:\/\/www.shcconference.com\/?p=1552\" target=\"_self\" >ME\u0110UNARODNA KONFERENCIJA \u201cSIGURNOST POVIJESNIH GRADOVA 2025.\u201d<\/a><\/h2>\n\n<figure class=\"alignwide wp-block-post-featured-image\"><a href=\"https:\/\/www.shcconference.com\/?p=1552\" target=\"_self\"  ><img loading=\"lazy\" decoding=\"async\" width=\"1280\" height=\"853\" src=\"https:\/\/www.shcconference.com\/wp-content\/uploads\/2025\/10\/NZF2496.jpg\" class=\"attachment-post-thumbnail size-post-thumbnail wp-post-image\" alt=\"ME\u0110UNARODNA KONFERENCIJA \u201cSIGURNOST POVIJESNIH GRADOVA 2025.\u201d\" style=\"object-fit:cover;\" srcset=\"https:\/\/www.shcconference.com\/wp-content\/uploads\/2025\/10\/NZF2496.jpg 1280w, https:\/\/www.shcconference.com\/wp-content\/uploads\/2025\/10\/NZF2496-300x200.jpg 300w, https:\/\/www.shcconference.com\/wp-content\/uploads\/2025\/10\/NZF2496-1024x682.jpg 1024w, https:\/\/www.shcconference.com\/wp-content\/uploads\/2025\/10\/NZF2496-768x512.jpg 768w\" sizes=\"auto, (max-width: 1280px) 100vw, 1280px\" \/><\/a><\/figure>\n\n<div class=\"wp-block-post-excerpt\"><p class=\"wp-block-post-excerpt__excerpt\">04. &#8211; 05. prosinca 2025. | Hotel Salona Palace, Solin Godi\u0161nje okupljanje stru\u010dnjaka, prakti\u010dara i lidera iz podru\u010dja prevencije i sigurnosti u lokalnim zajednicama ponovno donosi jedinstvenu platformu za razmjenu znanja, iskustava i inovacija. Konferencija \u201eSigurnost povijesnih gradova 2025.\u201c odr\u017eava se 04. i 05. prosinca u inspirativnom okru\u017eenju hotela Salona Palace, smje\u0161tenog uz arheolo\u0161ki park&hellip;<\/p><p class=\"wp-block-post-excerpt__more-text\"><a class=\"wp-block-post-excerpt__more-link\" href=\"https:\/\/www.shcconference.com\/?p=1552\">Pro\u010ditajte op\u0161irnije&#8230;<\/a><\/p><\/div>\n\n\n<hr class=\"wp-block-separator has-css-opacity\"\/>\n\n\n<div class=\"wp-block-post-date\"><time datetime=\"2025-10-11T07:56:28+00:00\">11.10.2025.<\/time><\/div>\n<\/li><\/ul><\/div>\n\n\n\n<p><\/p>\n","protected":false},"excerpt":{"rendered":"","protected":false},"author":1,"featured_media":0,"parent":0,"menu_order":0,"comment_status":"closed","ping_status":"closed","template":"","meta":{"footnotes":""},"class_list":["post-1555","page","type-page","status-publish","hentry"],"_links":{"self":[{"href":"https:\/\/www.shcconference.com\/index.php?rest_route=\/wp\/v2\/pages\/1555","targetHints":{"allow":["GET"]}}],"collection":[{"href":"https:\/\/www.shcconference.com\/index.php?rest_route=\/wp\/v2\/pages"}],"about":[{"href":"https:\/\/www.shcconference.com\/index.php?rest_route=\/wp\/v2\/types\/page"}],"author":[{"embeddable":true,"href":"https:\/\/www.shcconference.com\/index.php?rest_route=\/wp\/v2\/users\/1"}],"replies":[{"embeddable":true,"href":"https:\/\/www.shcconference.com\/index.php?rest_route=%2Fwp%2Fv2%2Fcomments&post=1555"}],"version-history":[{"count":8,"href":"https:\/\/www.shcconference.com\/index.php?rest_route=\/wp\/v2\/pages\/1555\/revisions"}],"predecessor-version":[{"id":1642,"href":"https:\/\/www.shcconference.com\/index.php?rest_route=\/wp\/v2\/pages\/1555\/revisions\/1642"}],"wp:attachment":[{"href":"https:\/\/www.shcconference.com\/index.php?rest_route=%2Fwp%2Fv2%2Fmedia&parent=1555"}],"curies":[{"name":"wp","href":"https:\/\/api.w.org\/{rel}","templated":true}]}}