{"id":1388,"date":"2025-10-04T10:53:57","date_gmt":"2025-10-04T09:53:57","guid":{"rendered":"https:\/\/www.shcconference.com\/?page_id=1388"},"modified":"2025-10-04T11:23:40","modified_gmt":"2025-10-04T10:23:40","slug":"predavaci-2024","status":"publish","type":"page","link":"https:\/\/www.shcconference.com\/?page_id=1388","title":{"rendered":"Predava\u010di 2024."},"content":{"rendered":"<style>\n\/* SHC speakers \u2013 globalno (HR i EN) *\/\n.shc-speakers{padding:20px 0 30px}\n.shc-speakers h2{margin:0 0 16px;text-align:center}\n.shc-speakers .subtitle{text-align:center;margin:0 0 24px}\n.shc-grid{display:grid;grid-template-columns:1fr;gap:20px;max-width:1100px;margin:0 auto}\n@media (min-width:640px){.shc-grid{grid-template-columns:repeat(2,1fr);gap:22px}}\n@media (min-width:960px){.shc-grid{grid-template-columns:repeat(3,1fr);gap:24px}}\n.shc-card{border:1px solid #e5e7eb;border-radius:12px;padding:16px;background:#fff;box-shadow:0 2px 8px rgba(0,0,0,.04)}\n.shc-avatar{display:flex;justify-content:center;margin-bottom:10px}\n.shc-avatar img{width:96px;height:96px;object-fit:cover;border-radius:9999px;border:4px solid #fff;box-shadow:0 0 0 2px #008ed6;background:#fafafa}\n.shc-name{font-weight:700;line-height:1.4;text-align:center}\n.shc-role,.shc-topic{text-align:center;margin-top:6px}\n.shc-card p{margin:6px 0 0}\nfigure{margin:0}\n<\/style>\n<p><\/p>\n<section id=\"speakers-2024\" class=\"shc-speakers\">\n<h2>Predava\u010di \u2013 2024.<\/h2>\n<div class=\"shc-grid\">\n<article class=\"shc-card\">\n<div class=\"shc-avatar\"><img decoding=\"async\" src=\"\/wp-content\/uploads\/2024\/10\/stanislav_hromadka.jpg\" alt=\"Col. Mgr. Stanislav Hrom\u00e1dka\"><\/div>\n<div class=\"shc-name\">Col. Mgr. Stanislav Hrom\u00e1dka<\/div>\n<p class=\"shc-role\">Na\u010delnik uprave za javni red, Ravnateljstvo policije Slova\u010dke<\/p>\n<p class=\"shc-topic\"><strong>Tema:<\/strong> Primjeri uspje\u0161ne prakse u prevenciji kriminaliteta i javno-privatnom partnerstvu u sigurnosti u Slova\u010dkoj<\/p>\n<\/article>\n<article class=\"shc-card\">\n<div class=\"shc-avatar\"><img decoding=\"async\" src=\"\/wp-content\/uploads\/2024\/10\/jana_simonova.png\" alt=\"Lt. Col. Prof. JUDr. Mgr. Jana \u0160imonov\u00e1, PhD\"><\/div>\n<div class=\"shc-name\">Lt. Col. Prof. JUDr. Mgr. Jana \u0160imonov\u00e1, PhD<\/div>\n<p class=\"shc-role\">Zamjenica na\u010delnika uprave za javni red, Ravnateljstvo policije Slova\u010dke<\/p>\n<p class=\"shc-topic\"><strong>Tema:<\/strong> Primjeri uspje\u0161ne prakse u prevenciji kriminaliteta i javno-privatnom partnerstvu u sigurnosti u Slova\u010dkoj<\/p>\n<\/article>\n<article class=\"shc-card\">\n<div class=\"shc-avatar\"><img decoding=\"async\" src=\"\/wp-content\/uploads\/2024\/10\/oliver_brun.jpg\" alt=\"Oliver Brun\"><\/div>\n<div class=\"shc-name\">Oliver Brun<\/div>\n<p class=\"shc-role\">Glavni policijski savjetnik, Ravnateljstvo policije Republike Francuske<\/p>\n<p class=\"shc-topic\"><strong>Tema:<\/strong> Iskustvo Olimpijskih igara kao podloga javno-privatnog partnerstva u sigurnosti<\/p>\n<\/article>\n<article class=\"shc-card\">\n<div class=\"shc-avatar\"><img decoding=\"async\" src=\"\/wp-content\/uploads\/2024\/10\/slobodan_marendic.jpg\" alt=\"Slobodan Marendi\u0107\"><\/div>\n<div class=\"shc-name\">Slobodan Marendi\u0107<\/div>\n<p class=\"shc-role\">Savjetnik ministra za policiju<\/p>\n<p class=\"shc-topic\"><strong>Tema:<\/strong> Planiranje u Odboru za sigurnost SD\u017d \u2013 Mre\u017ea Vije\u0107a za prevenciju kriminaliteta<\/p>\n<\/article>\n<article class=\"shc-card\">\n<div class=\"shc-avatar\"><img decoding=\"async\" src=\"\/wp-content\/uploads\/2024\/10\/irena_cajner_mraovic.jpg\" alt=\"Irena Cajner Mraovi\u0107\"><\/div>\n<div class=\"shc-name\">Izv. prof. dr. sc. Irena Cajner Mraovi\u0107<\/div>\n<p class=\"shc-role\">Fakultet hrvatskih studija, Sveu\u010dili\u0161te u Zagrebu<\/p>\n<p class=\"shc-topic\"><strong>Tema:<\/strong> Partnerstvo za sigurnost \u2013 aktualno i perspektive<\/p>\n<\/article>\n<article class=\"shc-card\">\n<div class=\"shc-avatar\"><img decoding=\"async\" src=\"\/wp-content\/uploads\/2024\/10\/krunoslav_borovec.jpg\" alt=\"Krunoslav Borovec\"><\/div>\n<div class=\"shc-name\">Doc. dr. sc. Krunoslav Borovec<\/div>\n<p class=\"shc-role\">Policijska akademija, Zagreb<\/p>\n<p class=\"shc-topic\"><strong>Tema:<\/strong> Vije\u0107a za prevenciju kriminaliteta \u2013 primjer prakse i VPK Trogir<\/p>\n<\/article>\n<article class=\"shc-card\">\n<div class=\"shc-avatar\"><img decoding=\"async\" src=\"\/wp-content\/uploads\/2024\/10\/marko_doljanin.jpg\" alt=\"Marko Doljanin\"><\/div>\n<div class=\"shc-name\">Marko Doljanin<\/div>\n<p class=\"shc-role\">Na\u010delnik Policijske postaje Trogir<\/p>\n<p class=\"shc-topic\"><strong>Tema:<\/strong> Vije\u0107e za prevenciju kriminaliteta Grada Trogira<\/p>\n<\/article>\n<article class=\"shc-card\">\n<div class=\"shc-avatar\"><img decoding=\"async\" src=\"\/wp-content\/uploads\/2024\/10\/lana_milivojevic.jpg\" alt=\"Lana Milivojevi\u0107\"><\/div>\n<div class=\"shc-name\">Dr. sc. Lana Milivojevi\u0107<\/div>\n<p class=\"shc-role\">Profesor na stru\u010dnim studijima, Policijska akademija, Zagreb<\/p>\n<p class=\"shc-topic\"><strong>Tema:<\/strong> Gradovi i prekr\u0161ajni postupak \u2013 smjernice za rad redarstva (komunalno, prometno, pomorski redari\u2026)<\/p>\n<\/article>\n<article class=\"shc-card\">\n<div class=\"shc-avatar\"><img decoding=\"async\" src=\"\/wp-content\/uploads\/2024\/10\/josip_pavlicek.jpg\" alt=\"Josip Pavli\u010dek\"><\/div>\n<div class=\"shc-name\">Dr. sc. Josip Pavli\u010dek<\/div>\n<p class=\"shc-role\">Sigurnosni konzultant, specijalist intervjua i detekcije laganja, kriminalist<\/p>\n<p class=\"shc-topic\"><strong>Tema:<\/strong> Selekcijski intervju \u2013 primjenjivo u lokalnoj upravi i gospodarstvu?<\/p>\n<\/article>\n<article class=\"shc-card\">\n<div class=\"shc-avatar\"><img decoding=\"async\" src=\"\/wp-content\/uploads\/2024\/10\/pasko_ugrina.jpg\" alt=\"Pa\u0161ko Ugrina\"><\/div>\n<div class=\"shc-name\">Pa\u0161ko Ugrina<\/div>\n<p class=\"shc-role\">Voditelj prevencije u PU splitsko-dalmatinskoj<\/p>\n<p class=\"shc-topic\"><strong>Tema:<\/strong> Vije\u0107a za prevenciju kriminaliteta \u2013 praksa i problemi<\/p>\n<\/article>\n<article class=\"shc-card\">\n<div class=\"shc-avatar\"><img decoding=\"async\" src=\"\/wp-content\/uploads\/2024\/10\/bruno_pavic.jpg\" alt=\"Bruno Pavi\u0107\"><\/div>\n<div class=\"shc-name\">Bruno Pavi\u0107<\/div>\n<p class=\"shc-role\">CEO, Pro Forca d.o.o.<\/p>\n<p class=\"shc-topic\"><strong>Tema:<\/strong> Kiberneti\u010dka sigurnost \/ NIS 2 \u2013 uloga i o\u010dekivanja od lokalne uprave<\/p>\n<\/article><\/div>\n<\/section>\n<p><\/p>","protected":false},"excerpt":{"rendered":"<p>Predava\u010di \u2013 2024. Col. Mgr. Stanislav Hrom\u00e1dka Na\u010delnik uprave za javni red, Ravnateljstvo policije Slova\u010dke Tema: Primjeri uspje\u0161ne prakse u prevenciji kriminaliteta i javno-privatnom partnerstvu u sigurnosti u Slova\u010dkoj Lt. Col. Prof. JUDr. Mgr. Jana \u0160imonov\u00e1, PhD Zamjenica na\u010delnika uprave za javni red, Ravnateljstvo policije Slova\u010dke Tema: Primjeri uspje\u0161ne prakse u prevenciji kriminaliteta i javno-privatnom [&hellip;]<\/p>\n","protected":false},"author":1,"featured_media":0,"parent":0,"menu_order":0,"comment_status":"closed","ping_status":"closed","template":"","meta":{"footnotes":""},"class_list":["post-1388","page","type-page","status-publish","hentry"],"_links":{"self":[{"href":"https:\/\/www.shcconference.com\/index.php?rest_route=\/wp\/v2\/pages\/1388","targetHints":{"allow":["GET"]}}],"collection":[{"href":"https:\/\/www.shcconference.com\/index.php?rest_route=\/wp\/v2\/pages"}],"about":[{"href":"https:\/\/www.shcconference.com\/index.php?rest_route=\/wp\/v2\/types\/page"}],"author":[{"embeddable":true,"href":"https:\/\/www.shcconference.com\/index.php?rest_route=\/wp\/v2\/users\/1"}],"replies":[{"embeddable":true,"href":"https:\/\/www.shcconference.com\/index.php?rest_route=%2Fwp%2Fv2%2Fcomments&post=1388"}],"version-history":[{"count":8,"href":"https:\/\/www.shcconference.com\/index.php?rest_route=\/wp\/v2\/pages\/1388\/revisions"}],"predecessor-version":[{"id":1399,"href":"https:\/\/www.shcconference.com\/index.php?rest_route=\/wp\/v2\/pages\/1388\/revisions\/1399"}],"wp:attachment":[{"href":"https:\/\/www.shcconference.com\/index.php?rest_route=%2Fwp%2Fv2%2Fmedia&parent=1388"}],"curies":[{"name":"wp","href":"https:\/\/api.w.org\/{rel}","templated":true}]}}